{"id":6608,"date":"2021-08-25T12:54:46","date_gmt":"2021-08-25T12:54:46","guid":{"rendered":"https:\/\/klosterherberge-solothurn.ch\/kontakt\/"},"modified":"2025-03-07T10:30:35","modified_gmt":"2025-03-07T10:30:35","slug":"contact","status":"publish","type":"page","link":"https:\/\/klosterherberge-solothurn.ch\/fr\/contact\/","title":{"rendered":"Contact"},"content":{"rendered":"","protected":false},"excerpt":{"rendered":"","protected":false},"author":1,"featured_media":0,"parent":0,"menu_order":13,"comment_status":"closed","ping_status":"closed","template":"views\/template-contact.blade.php","meta":{"_acf_changed":false,"inline_featured_image":false},"class_list":["post-6608","page","type-page","status-publish","hentry"],"acf":{"contact_entry":{"lead":"<h2 style=\"text-align: center;\">Contact<\/h2>\n","text-sections":[{"subtitle":"Comment nous joindre","text":"<p>Vous avez des questions, des souhaits, des suggestions ou besoin d&#8217;informations compl\u00e9mentaires ? Nous attendons votre message avec impatience et vous r\u00e9pondrons dans les plus brefs d\u00e9lais. Vous pouvez nous joindre \u00e0 l&#8217;adresse suivante 032 624 40 15 ou <a href=\"mailto:reservation@klosterherberge-solothurn.ch\">reservation@klosterherberge-solothurn.ch<\/a><\/p>\n"},{"subtitle":"Newsletter","text":"<p>Tous les deux \u00e0 trois mois, nous envoyons la newsletter Baseltor avec les derni\u00e8res actualit\u00e9s et offres de notre entreprise. Vous n&#8217;\u00eates pas encore inscrit ? <a href=\"\/newsletter-anmeldung\/\">Inscrivez-vous maintenant.<\/a><\/p>\n"}]},"seo":{"active":true,"title":"","text":"","image":false,"keywords":""},"map":{"address":"Herrenweg 2, 4500 Solothurn, Switzerland","lat":47.214043099999997821214492432773113250732421875,"lng":7.5340571000000000623231244389899075031280517578125,"zoom":16,"place_id":"ChIJd5n7ox3YkUcR_Ok4pbj5vXI","name":"Herrenweg 2","street_number":"2","street_name":"Herrenweg","city":"Solothurn","state":"Solothurn","state_short":"SO","post_code":"4500","country":"Schweiz","country_short":"CH"},"elements":[{"acf_fc_layout":"contact-form","contact-form":{"title":"<h2>Vous avez encore des questions ?<\/h2>\n","subject":"Contact"}}],"contact_elements":{"elements":[{"acf_fc_layout":"contact-form","contact-form":{"title":"<h2>Vous avez encore des questions ?<\/h2>\n","subject":"Contact"}}]}},"_links":{"self":[{"href":"https:\/\/klosterherberge-solothurn.ch\/fr\/wp-json\/wp\/v2\/pages\/6608","targetHints":{"allow":["GET"]}}],"collection":[{"href":"https:\/\/klosterherberge-solothurn.ch\/fr\/wp-json\/wp\/v2\/pages"}],"about":[{"href":"https:\/\/klosterherberge-solothurn.ch\/fr\/wp-json\/wp\/v2\/types\/page"}],"author":[{"embeddable":true,"href":"https:\/\/klosterherberge-solothurn.ch\/fr\/wp-json\/wp\/v2\/users\/1"}],"replies":[{"embeddable":true,"href":"https:\/\/klosterherberge-solothurn.ch\/fr\/wp-json\/wp\/v2\/comments?post=6608"}],"version-history":[{"count":4,"href":"https:\/\/klosterherberge-solothurn.ch\/fr\/wp-json\/wp\/v2\/pages\/6608\/revisions"}],"predecessor-version":[{"id":6714,"href":"https:\/\/klosterherberge-solothurn.ch\/fr\/wp-json\/wp\/v2\/pages\/6608\/revisions\/6714"}],"wp:attachment":[{"href":"https:\/\/klosterherberge-solothurn.ch\/fr\/wp-json\/wp\/v2\/media?parent=6608"}],"curies":[{"name":"wp","href":"https:\/\/api.w.org\/{rel}","templated":true}]}}